{"id":3622,"date":"2019-01-08T17:39:13","date_gmt":"2019-01-08T14:39:13","guid":{"rendered":"http:\/\/www.serdarozler.com.tr\/?page_id=3622"},"modified":"2020-08-15T19:01:43","modified_gmt":"2020-08-15T16:01:43","slug":"op-dr-serdar-ozler","status":"publish","type":"page","link":"https:\/\/www.serdarozler.com.tr\/english\/op-dr-serdar-ozler\/","title":{"rendered":"Serdar \u00d6zler, MD"},"content":{"rendered":"<div id=\"pl-gb3622-6a02299754b01\"  class=\"panel-layout\" ><div id=\"pg-gb3622-6a02299754b01-0\"  class=\"panel-grid panel-no-style\" ><div id=\"pgc-gb3622-6a02299754b01-0-0\"  class=\"panel-grid-cell\" ><div id=\"panel-gb3622-6a02299754b01-0-0-0\" class=\"so-panel widget widget_black-studio-tinymce widget_black_studio_tinymce panel-first-child panel-last-child\" data-index=\"0\" ><div class=\"textwidget\"><div class=\"wp-block-image\">\n<figure class=\"alignleft\"><img decoding=\"async\" class=\"alignleft\" src=\"http:\/\/www.serdarozler.com.tr\/wp-content\/uploads\/2010\/06\/serdar_ozler.gif\" alt=\"Dr. Serdar \u00d6zler\" \/><\/figure>\n<\/div>\n<div class=\"hentry__content\"><strong>Serdar \u00d6zler, MD<\/strong><\/div>\n<div class=\"hentry__content\"><strong>Associate Professor of Ophthalmology<\/strong><\/p>\n<p>&nbsp;<\/p>\n<p>&nbsp;<\/p>\n<p>&nbsp;<\/p>\n<p>&nbsp;<\/p>\n<\/div>\n<p>CURRICULUM VITAE<\/p>\n<div class=\"hentry__content\">\n<p>EDUCATION<\/p>\n<p>FELLOWSHIPS:\u00a0<br \/>1. Vitreoretinal Surgery and Ocular Oncology\u00a0<br \/>Doheny Eye Institute and the Department of Ophthalmology, and Kenneth-Norris Jr. Cancer Institute\u00a0<br \/>University of Southern California, Los Angeles\u00a0<br \/>June 1990-June 1991<\/p>\n<p>2. Ophthalmic Laser Surgery\u00a0<br \/>Beckman Laser Institute and Medical Clinic, and the Department of Surgery,\u00a0<br \/>University of California Irvine, Irvine June 1989-June 1990<\/p>\n<p>RESIDENCY: Department of Ophthalmology\u00a0<br \/>School of Medicine\u00a0<br \/>Ege University, Izmir- Turkey\u00a0<br \/>1986-1992<\/p>\n<p>INTERNSHIP: School of Medicine\u00a0<br \/>Ege University, Izmir-Turkey\u00a0<br \/>1984-1985<\/p>\n<p>MEDICAL SCHOOL: School of Medicine\u00a0<br \/>Ege University, Izmir-Turkey\u00a0<br \/>1979-1984<\/p>\n<p>SENIOR HIGH SCHOOL: Science Lycee,\u00a0<br \/>Ankara-Turkey\u00a0<br \/>1976-1979<\/p>\n<p>JUNIOR HIGH SCHOOL: Bornova Anadolu Lycee\u00a0<br \/>Bornova, Izmir-Turkey\u00a0<br \/>1973-1976<\/p>\n<p>BUSSINESS EXPERIENCE:<\/p>\n<p>1. Serdar Ozler Eye Medical Clinic Inc.<br \/>1994-Present<\/p>\n<p>2. Chief Resident of Ophthalmology\u00a0<br \/>Department of Ophthalmology\u00a0<br \/>Ege University Medical School\u00a0<br \/>Bornova, Izmir, 35100 Turkey\u00a0<br \/>1992-1994<\/p>\n<p>2. Scientific reviewer of the Journal of the\u00a0<br \/>American Academy of OPHTHALMOLOGY\u00a0<br \/>1991- Present<\/p>\n<p>3. Vitreoretinal Surgery\u00a0<br \/>Parana Eye Hospital and the Department of Ophthalmology, University of Parana\u00a0<br \/>Curitiba, Parana-Brazil\u00a0<br \/>1991<\/p>\n<p>4. Cataract Surgery and Intraocular Lens Implantation\u00a0<br \/>Intraocular Lens Institute\u00a0<br \/>Schiedam-Holland\u00a0<br \/>1988<\/p>\n<p>5. General practitioner\u00a0<br \/>(Mandatory Service for Ministry of Health)\u00a0<br \/>Department of Ophthalmology\u00a0<br \/>School of Medicine\u00a0<br \/>University of Dicle, Diyarbakir-Turkey\u00a0<br \/>1985-1986<\/p>\n<p>6. Elective Internship\u00a0<br \/>Orbis Flying Eye Hospital and the Department of Ophthalmology, Ege University, Izmir-Turkey\u00a0<br \/>February, 1985<\/p>\n<p>GRANTS AND AWARDS:<\/p>\n<p>1. Best research award, Brazil Congress of Ophthalmology, September 1991<\/p>\n<p>2. Funded by the Turkish Higher Educational Committee and Ege University for a fellowship program in USA, 1989<\/p>\n<p>3. Granted a scholarship by the Turkish Research Institute for Science and Technology, 1978.\u00a0<br \/>4. Best Scientist award, TOYP Turkey, 1998.\u00a0<br \/>5. Melvin Jones Fellow Award for Humanitarian Work by the International Lions Society, Izmir 2002<\/p>\n<p>SOCIETIES: 1. Member, Turkish Ophthalmological Society<\/p>\n<p>2. Member, Europeon Organization for Research and Treatment of Cancer, Ophthalmic Oncology Group<\/p>\n<p>INVITED SCIENTIFIC LECTURES<\/p>\n<p>1. Koroid Malign Melanomunda Klinik. Panelist. T\u00fcrk Oftalmoloji Derne\u011fi Ankara \u015eubesi ayl\u0131k toplant\u0131s\u0131. 21 Mart 1996, Hacettepe, Ankara.\u00a0<br \/>2. Makulay\u0131 Etkileyen T\u00fcm\u00f6rlerde Episkleral Radyoaktif iyod-125 Plak Brakiterapisi. Panelist. VIII. Ulusal Yaz Sempozyumu. 8-11 Haziran 1995, \u00c7e\u015eme, izmir.\u00a0<br \/>3. CO CHAIRMAN at tumor session, European Congress of Ophthalmology, 2001<\/p>\n<p>4. Myopia Control: How Can We Stop Myopia Progression? INTERNATIONAL HOYA FACULTY MYOPIA SYMPOSIUM<br \/>30-31 May 2018, Budapest<\/p>\n<p>THESIS:\u00a0<\/p>\n<p>1. \u00d6zler SA. Pseudophakia results in our clinic. Thesis of medical school graduation. Department ofOphthalmology, University of Ege. izmir, 1985.<\/p>\n<p>2. \u00d6zler SA. Modification of air pump for fluid-air exchange in vitreoretinal surgery. Candidate\u2019sthesis. Department of Ophthalmology, University of Ege. izmir, 1992.<\/p>\n<p>ABSTRACTS PRESENTED:<\/p>\n<p>1. Hill RA, \u00d6zler SA, Profeta GA, Baerveldt G, Berns MW. Laser trabecular ablation (LTA): ARVOabstracts, Sarasota, FL, April 28- May 3, 1990. Invest Ophthalmol Vis Sci. 31 (Suppl): 1674,1990.<\/p>\n<p>2. \u00d6zler SA, Hill RA, Andrews JJ, Baerveldt G, Heuer DK, Berns MW. Infrared laser sclerostomies. ARVOabstracts, Sarasota, FL, April 28-May 3, 1990. Invest Ophthalmol Vis Sci. 31 (Suppl):1675,1990.<\/p>\n<p>3. Runyon T, Alfaro DV, Kirkman L, Queiroz Jr. JM, \u00d6zler SA, Liggett PE. Prophylactic intravenouscefazolin in the management of experimental post-traumatic endophthalmitis. ARVO abstracts, Sarasota,FL, April 29-May 4, 1991. Invest Ophthalmol Vis Sci. 32 (Suppl):197,1991.<\/p>\n<p>4. Hill RA, \u00d6zler SA, Baerveldt G, Viscardi J, Keates RH, Lee M, Harrington JA, Berns MW. Ab-interno 29-May 4, 1991. Invest Ophthalmol Vis Sci. 32 (Suppl):388,1991.<\/p>\n<p>5. Queiroz Jr JM, \u00d6zler SA, Alfaro DV, Moreira Jr CA, Liggett PE. Histopathologic evaluation ofsubretinal perfluorocarbon liquids. ARVO abstracts, Sarasota, FL, April 29-May 4, 1991. InvestOphthalmol Vis Sci 32 (Suppl):1046,1991.<\/p>\n<p>6. Moreira Jr CA, \u00d6zler SA, Queiroz Jr JM, Alfaro DV, Runyon T, Liggett PE. Experimentalintraoperative use of perfluorotributhylamine, perfluorodecaline and perfluoropolyether. ARVOabstracts, Sarasota, FL, April 29-May 4, 1991. Invest Ophthalmol Vis Sci. 32 (Suppl);1049,1991.<\/p>\n<p>7. \u00d6zler SA, Nelson JS, Queiroz Jr JM, Alfaro DV, Berns MW, Liggett PE. Photodynamic therapy ofexperimental choroidal melanoma model using chloroaluminum sulfonated phthalocyanine. ARVO abstracts,Sarasota, FL, April 29-May 4, 1991. Invest Ophthalmol Vis Sci. 32(Suppl):2579,1991.<\/p>\n<p>8. Liggett PE, El-Diri A, \u00d6zler SA. Tissue adhesives for retinopexy: a comparative study of syntheticversus biologic adhesives. ARVO abstracts, Sarasota, FL, April 29-May 4, 1991. Invest Ophthalmol VisSci. 32(Suppl):2731,1991.<\/p>\n<p>9. Berns MW, \u00d6zler SA, Liaw LL, Harner CF, Shimizu RW, Profeta G, Andrews JJ. Epithelial healing rateafter excimer laser keratectomy in rabbits. ARVO abstracts, Sarasota, FL, April 29-May 4, 1991. InvestOphthalmol Vis Sci. 32(Suppl):2837,1991.<\/p>\n<p>10. Liggett PE, Dugel PU, \u00d6zler SA, Rao NA, Smith RE. Vitrectomy in steroid non-responsive cystoidmacular edema. Presented at the 95th meeting of the American Academy of Ophthalmology, Anaheim, CA,October 13-17, 1991. Ophthalmology 8:(Suppl):131, 1991.<\/p>\n<p>11. Moreira H, Queiroz Jr JM, Liggett PE, McDonnell PJ, \u00d6zler SA. Evaluation of corneal toxicity oftwo perfluorocarbon liquids. Presented at the Brazil Congress of Ophthalmology, Sao Paulo, Brazil,September 5-8, 1991.<\/p>\n<p>12. \u00d6zler SA, Chong LP, Queiroz Jr JM, Liggett PE. Indocyanine green enhanced diode laser treatment ofmelanoma in a rabbit model. Third International Congress on Laser Technology in Ophthalmology. SanFrancisco, CA, May 22-25, 1991.<\/p>\n<p>13. VickYi Shimoyma, \u00d6zler SA, Chong LP, Liggett PE. Indocyanine green enhanced diode laser treatmentof melanoma in a rabbit model. ARVO abstracts, Sarasota, FL, May 3-May 8, 1992. Invest Ophthalmol VisSci. 1992;33(Suppl):2801.<\/p>\n<p>14. Queiroz Jr JM, \u00d6zler SA. Photodynamic therapy of experimental choroidal melanoma. Presented at theBrazil Congress of Ophthalmology, Sao Paulo, Brazil, September 3-6, 1992.<\/p>\n<p>15. \u00d6zler SA, Astrahan MA, Liggett PE, Ery\u0131ld\u0131r\u0131m A, Alaluf A, \u00d6zk\u00f6k S, Haydaro\u011flu A. Initialexperience with 125I brachytherapy using an interactive treatment planning system for choroidalmalignant melanoma in Turkey. European Society for Therapeutic Radiology and Oncology, May 9-11, Linz,Austria.<\/p>\n<p>16. \u00d6zler SA, Ery\u0131ld\u0131r\u0131m A, Alaluf A, Astrahan MA, Liggett PE, \u00d6zk\u00f6k S, Haydaro\u011flu A. Koroid malignmelanomunun tedavisinde episkleral radyoaktif iyod-125 brakiterapisi. I. Ulusal Radyasyon OnkolojisiKongresi, 16-19 May\u0131s, \u00c7e\u015eme, 1994.<\/p>\n<p>17. Alaluf A, \u00d6zler SA, Ery\u0131ld\u0131r\u0131m A, Haydaro\u011flu A. Koroid malign melanomunun brakiterapiye cevab\u0131n\u0131nultrasonografik \u00f6zellikleri. I. Ulusal Radyasyon Onkolojisi Kongresi, 16-19 May\u0131s, \u00c7e\u015eme, 1994.<\/p>\n<p>18. Killi R, \u00d6zler SA, Ery\u0131ld\u0131r\u0131m A, Alaluf A, \u00d6zbek SS, Haydaro\u011flu A. Koroid malign melanomlar\u0131n\u0131ntan\u0131s\u0131nda ve brakiterapi sonu\u00e7lar\u0131n\u0131n takibinde renkli doppler ultrasonografi. I. Ulusal RadyasyonOnkolojisi Kongresi, 16-19 May\u0131s, \u00c7e\u015eme, 1994.<\/p>\n<p>19. \u00d6zler SA, Alaluf A, Ery\u0131ld\u0131r\u0131m A, Ar\u0131can A, Haydaro\u011flu A. Koroid malign melanomunun tedavisindeepiskleral radyoaktif iyod-125 brakiterapisi: iki y\u0131ll\u0131k deneyimlerimiz. XXIX. T\u00fcrk OftalmolojiKongresi, Antalya, 17-21 Ekim, 1995.<\/p>\n<p>PROCEEDINGS<\/p>\n<p>1. Haznedaro\u011flu G, Ka\u015ekalo\u011flu M, \u00d6zler SA. Anisometropik hastalarda retinoskopik bulgularla ultrasonikaksiyel uzunluk \u00f6l\u00e7\u00fcmlerinin ili\u015ekisi. XIX. (1985) T\u00fcrk Oftalmoloji Kongresi B\u00fclteni, MatbaaTeknisyenleri Bas\u0131mevi, 462-465, 1986, istanbul.<\/p>\n<p>2. Eltutar K, \u00d6zler SA. Pterijiumlarda eksizyon derivasyon otoplastisi sonu\u00e7lar\u0131m\u0131z. XX. (1986) T\u00fcrkOftalmoloji Kongresi B\u00fclteni, Uluda\u011f \u00dcniversitesi Bas\u0131mevi, 195-198, 1989, Bursa.<\/p>\n<p>3. \u00d6zler SA, Karadede S, Eltutar K. Trahoma ba\u011fl\u0131 korneal kurvatur de\u011fi\u015eiklikleri. XX. (1986) T\u00fcrkOftalmoloji Kongresi B\u00fclteni, Uluda\u011f \u00dcniversitesi Bas\u0131mevi, 499-503, 1989, Bursa.<\/p>\n<p>4. Karadede S, Eltutar K, \u00d6zler SA. Trahomda yeni g\u00f6r\u00fc\u015eler ve G\u00fcney Do\u011fu Anadolu\u2019da sonde\u011ferlendirmeler. XX. (1986) T\u00fcrk Oftalmoloji Kongresi B\u00fclteni, Uluda\u011f \u00dcniversitesi Bas\u0131mevi, 541-543,1989, Bursa.<\/p>\n<p>5. Eltutar K, Karadede S, \u00d6zler SA, Ediz A. Lepral\u0131 olgularda trahomun \u00f6zellikleri. XX. (1986) T\u00fcrkOftalmoloji Kongresi B\u00fclteni, Uluda\u011f \u00dcniversitesi Bas\u0131mevi, 544-547, 1989, Bursa.<\/p>\n<p>6. Batmano\u011flu A, Eltutar K, Karaka\u015e N, \u00d6zler SA, Karadede S. Trahomda enflamasyon \u015eiddetine g\u00f6retedavi se\u00e7iminin avantajlar\u0131 ve pratik uygulamas\u0131. XXIII. (1989) T\u00fcrk Oftalmoloji Kongresi B\u00fclteni,\u00c7ukurova \u00dcniversitesi Bas\u0131mevi, 1:17-20, 1989, Adana.<\/p>\n<p>7. Beken Z, Eltutar K, Karaka\u015e N, \u00d6zler SA, Karadede S. Skatrisyel trahomlu katarakt olgular\u0131ndag\u00f6zi\u00e7i lensi uygular\u0131m\u0131z. XXIII. (1989) T\u00fcrk Oftalmoloji Kongresi B\u00fclteni, \u00c7ukurova \u00dcniversitesiBas\u0131mevi, 1:31-34, 1989, Adana.<\/p>\n<p>8. \u00d6zler SA, Ery\u0131ld\u0131r\u0131m A, Alaluf A, Astrahan MA, Liggett PE, \u00d6zk\u00f6k S, Haydaro\u011flu A. Koroid malignmelanomunun tedavisinde episkleral radyoaktif iyod-125 brakiterapisi. XXVIII. T\u00fcrk OftalmolojiKongresi B\u00fclteni, Sel\u00e7uk \u00dcniversitesi Bas\u0131mevi, 2:545-547, 1994, Antalya.<\/p>\n<p>9. Alaluf A, \u00d6zler SA, Ery\u0131ld\u0131r\u0131m A, Haydaro\u011flu A. Koroid malign melanomunun brakiterapiye cevab\u0131n\u0131nultrasonografik \u00f6zellikleri. XXVIII. T\u00fcrk Oftalmoloji Kongresi B\u00fclteni, Sel\u00e7uk \u00dcniversitesi Bas\u0131mevi,2:543-544, 1994, Antalya.<\/p>\n<p>10. \u00d6zler SA, Killi R, Ery\u0131ld\u0131r\u0131m A, Alaluf A, \u00d6zbek SS, Haydaro\u011flu A. Koroid malign melanomlar\u0131n\u0131ntan\u0131s\u0131nda ve brakiterapi sonu\u00e7lar\u0131n\u0131n takibinde renkli doppler ultrasonografi. XXVIII. T\u00fcrkOftalmoloji Kongresi B\u00fclteni, Sel\u00e7uk \u00dcniversitesi Bas\u0131mevi, 3:1228-1229, 1994, Antalya.<\/p>\n<p>SCIENTIFIC ARTICLES<\/p>\n<p>11. Eltutar K, Karadede S, \u00d6zler SA. Trahom: 174 olguda klinik g\u00f6zlemlerimiz. T\u00fcrk OftalmolojiDergisi, 16:373-381, 1986.<\/p>\n<p>12. Eltutar K, Karadede S, \u00d6zler SA. G\u00fcney Do\u011fu Anadolu B\u00f6lgesinde pterijiumun \u00f6zellikleri ve trahomile ili\u015ekisi. T\u00fcrk Oftalmoloji Dergisi, 16:462-467, 1986.<\/p>\n<p>13. Eltutar K, Atl\u0131han F, Karadede S, \u00d6zler SA. Konjenital iktiyosis ve g\u00f6z bulgular\u0131. T\u00fcrkOftalmoloji Dergisi, 17:658-664, 1987.<\/p>\n<p>14. Eltutar K, Karadede S, Atl\u0131han F, \u00d6zler SA. Ectropion and bilateral corneal perforation in a caseof congenital ichthyosiform erythroderma. Clinical and histopathological review. (French)Ophtalmologie, Jul-Sep, 2(3):253-254, 1988.<\/p>\n<p>15. Ya\u011fc\u0131 A, \u00d6zler SA, Erbakan G, Ers\u00f6z B. Gaz ge\u00e7irgen olmayan sert kontakt lens \u00e7al\u0131\u015emalar\u0131: lenskullan\u0131m\u0131 sonras\u0131 tav\u015eanlarda kornea ve \u00f6n kamera laktat seviyeleri. T\u00fcrk Oftalmoloji Dergisi, 19:510-514, 1989.<\/p>\n<p>16. \u00d6zler SA, Neev J, Liaw LL, Profeta G, Haznedaro\u011flu G, Anda\u00e7 K, Berns MW. Excimer (193 nm) veerbium:YAG (2.94 \u00b5m) lazer fotorefraktif keratektomilerinin ultrastr\u00fckt\u00fcrel kar\u015e\u0131la\u015et\u0131r\u0131lmas\u0131. T\u00fcrkOftalmoloji Dergisi, 20:385-391, 1990.<\/p>\n<p>17. \u00d6zler SA, Hill RA, Andrews JJ, Baerveldt G, Berns MW. Infrared laser sclerostomies. Investigativeof Ophthalmology, 32:2498-2503, 1991.<\/p>\n<p>18. Hill RA, Baerveldt G, \u00d6zler SA, Pickford M, Profeta GA, Berns MW. Laser trabecular ablation (LTA):Lasers in Surgery and Medicine, 11:341-346, 1991.<\/p>\n<p>19. Hill RA, \u00d6zler SA, Baerveldt G, Viscardi J, Keates RH, Lee M, Harrington JA, Berns MW. Ab-internoneodymium:YAG versus erbium:YAG laser sclerostomies in rabbits. Ophthalmic Surgery, 23:192-197, 1992<\/p>\n<p>20. \u00d6zler SA, Nelson JS, Liggett PE, Queiroz Jr JM, Berns MW. Photodynamic therapy of experimentalchoroidal melanoma model using chloroaluminum sulfonated phthalocyanine. Archieves of Ophthalmology,110:555-561, 1992.<\/p>\n<p>21. Queiroz Jr JM, Moreira H, Liggett PE, McDonnell PJ, \u00d6zler SA. Corneal toxicity study of twoperfluorocarbon liquids. Arq Bras Oftal, 55 (6): 244-248, 1992<\/p>\n<p>22. Queiroz Jr JM, Blanks JC, \u00d6zler SA, Alfaro DV, Liggett PE. Subretinal perfluorocarbon liquids: anexperimental study. Retina, 12:S33-S39, 1992.<\/p>\n<p>23. Queiroz Jr JM, \u00d6zler SA, Moreira Jr CA, Alfaro DV, Runyon T, Liggett PE. Experimentalintraoperative use of perfluorotributhylamine, perfluorodecaline, and perfluoropolyether. Arq BrasOftal, 55 (3): 112-116, 1992.<\/p>\n<p>24. \u00d6zler SA, Liaw LL, Neev J, Raney D, Berns MW. Acute ultrastructural changes after excimer lasercorneal ablation. Investigative of Ophthalmology 3:540-546, 1992.<\/p>\n<p>25. Dugel PU, Rao NA, \u00d6zler SA, Liggett PE, Smith RE. Pars plana vitrectomy for intraocularinflammation-related cystoid macular edema unresponsive to corticosteroids. Ophthalmology, 99:1535-1541,1992.<\/p>\n<p>26. \u00d6zler SA, Algan O, Haznedaro\u011flu G. An unexpected problem with an inexpensive air pump for vitreoussurgery. [letter] Archieves of Ophthalmology, 111:583-584,1993.<\/p>\n<p>27. Chong LP, \u00d6zler SA, Queiroz Jr JM, Liggett PE. Indocyanine green-enhanced diode laser treatment ofmelanoma in a rabbit model. Retina, 13:251-259, 1993.<\/p>\n<p>28. \u00d6zler SA, Neev J, Moreira H, Haznedaro\u011flu G, Berns MW. Excimer laser kornea ablasyonu: Korneadanf\u0131rlayan materyalin y\u00fcksek h\u0131z fotografisi. T\u00fcrk Oftalmoloji Dergisi, 23:169-175, 1993.<\/p>\n<p>29. \u00d6zler SA, Algan O, Haznedaro\u011flu G. A simple fluid-air exchange device for vitreoretinal surgery.Ege University Medical Journal, 1(1-2):1-5, 1992.<\/p>\n<p>30. \u00d6zler SA, Harner CF, Moreira H, Haznedaro\u011flu G, Berns MW. Excimer laser keratektomisinden sonraepitel kineti\u011fi. T\u00fcrk Oftalmoloji Dergisi, 24:185-188, 1994<\/p>\n<p>31. Akk\u0131n C, \u00d6zler SA, Mente\u015e J. Tilt and decentration of bag-fixated intraocular lenses: acomparative study between capsulorhexis and envelope techniques. Documenta Ophthalmologica, 87:199-209, 1994<\/p>\n<\/div>\n<\/div><\/div><\/div><\/div><\/div>","protected":false},"excerpt":{"rendered":"<p>Serdar \u00d6zler, MD Associate Professor of Ophthalmology &nbsp; &nbsp; &nbsp; &nbsp; CURRICULUM VITAE EDUCATION FELLOWSHIPS:\u00a01. Vitreoretinal Surgery and Ocular Oncology\u00a0Doheny Eye Institute and the Department of Ophthalmology, and Kenneth-Norris Jr. Cancer Institute\u00a0University of Southern California, Los Angeles\u00a0June 1990-June 1991 2. Ophthalmic Laser Surgery\u00a0Beckman Laser Institute and Medical Clinic, and the Department of Surgery,\u00a0University of California &hellip;<\/p>\n","protected":false},"author":1,"featured_media":0,"parent":0,"menu_order":0,"comment_status":"closed","ping_status":"closed","template":"","meta":{"_acf_changed":false,"footnotes":""},"class_list":["post-3622","page","type-page","status-publish","hentry"],"acf":[],"_links":{"self":[{"href":"https:\/\/www.serdarozler.com.tr\/english\/wp-json\/wp\/v2\/pages\/3622"}],"collection":[{"href":"https:\/\/www.serdarozler.com.tr\/english\/wp-json\/wp\/v2\/pages"}],"about":[{"href":"https:\/\/www.serdarozler.com.tr\/english\/wp-json\/wp\/v2\/types\/page"}],"author":[{"embeddable":true,"href":"https:\/\/www.serdarozler.com.tr\/english\/wp-json\/wp\/v2\/users\/1"}],"replies":[{"embeddable":true,"href":"https:\/\/www.serdarozler.com.tr\/english\/wp-json\/wp\/v2\/comments?post=3622"}],"version-history":[{"count":47,"href":"https:\/\/www.serdarozler.com.tr\/english\/wp-json\/wp\/v2\/pages\/3622\/revisions"}],"predecessor-version":[{"id":9005,"href":"https:\/\/www.serdarozler.com.tr\/english\/wp-json\/wp\/v2\/pages\/3622\/revisions\/9005"}],"wp:attachment":[{"href":"https:\/\/www.serdarozler.com.tr\/english\/wp-json\/wp\/v2\/media?parent=3622"}],"curies":[{"name":"wp","href":"https:\/\/api.w.org\/{rel}","templated":true}]}}